{"id":138,"date":"2024-05-24T22:50:07","date_gmt":"2024-05-24T20:50:07","guid":{"rendered":"https:\/\/www.lied-in-mir.de\/?page_id=138"},"modified":"2025-04-14T23:22:55","modified_gmt":"2025-04-14T21:22:55","slug":"termine","status":"publish","type":"page","link":"https:\/\/www.lied-in-mir.de\/?page_id=138","title":{"rendered":"Termine"},"content":{"rendered":"\n<p>Hier finden Sie eine \u00dcbersicht \u00fcber vergangene und bevorstehende Auff\u00fchrungstermine unseres St\u00fcckes.<\/p>\n\n\n\n<div style=\"height:27px\" aria-hidden=\"true\" class=\"wp-block-spacer\"><\/div>\n\n\n\n<p class=\"has-large-font-size\">Bevorstehende Termine<\/p>\n\n\n\n<div style=\"height:11px\" aria-hidden=\"true\" class=\"wp-block-spacer\"><\/div>\n\n\n\n<p>Wir freuen uns sehr \u00fcber die Wiederaufnahme von &#8222;In mir klingt ein Lied&#8220; im Jahr 2025:<\/p>\n\n\n\n<div style=\"height:12px\" aria-hidden=\"true\" class=\"wp-block-spacer\"><\/div>\n\n\n\n<p><\/p>\n\n\n\n<div class=\"wp-block-group has-global-padding is-layout-constrained wp-block-group-is-layout-constrained\">\n<ul class=\"wp-block-list\">\n<li><strong>Samstag, 10.05.2025 19:30 Uhr<\/strong> <br \/>Wiederaufnahme &#8222;In mir klingt ein Lied&#8220;<br \/>Marktheidenfeld, Pfarrheim <br \/>Auf der Seite finden Sie <a href=\"https:\/\/www.stadt-marktheidenfeld.de\/kultur-tourismus\/veranstaltungskalender\/var\/event=100968012&amp;preview\">weitere Informationen <\/a><\/li>\n<\/ul>\n<\/div>\n\n\n\n<div style=\"height:27px\" aria-hidden=\"true\" class=\"wp-block-spacer\"><\/div>\n\n\n\n<p class=\"has-large-font-size\">Vorstellungen f\u00fcr Schulen:<\/p>\n\n\n\n<div class=\"wp-block-group is-nowrap is-layout-flex wp-container-core-group-is-layout-6c531013 wp-block-group-is-layout-flex\">\n<ul class=\"wp-block-list\">\n<li><strong>Dienstag<\/strong> <strong>und Mittwoch, 29.04 \/ 30.04.25, 11 Uhr<\/strong><br \/>Mainfrankentheater Probeb\u00fchne <\/li>\n<\/ul>\n<\/div>\n\n\n\n<p class=\"has-large-font-size\"><br \/>Vergangene Termine:<\/p>\n\n\n\n<ul class=\"wp-block-list\">\n<li><strong>Sonntag, 24.03.2024, 11 Uhr <\/strong><br \/>5. Kammerkonzert &#8222;In mir klingt ein Lied&#8220;<br \/>Probeb\u00fchne, Mainfranken Theater W\u00fcrzburg<\/li>\n\n\n\n<li><strong>Sonntag, 07.04.2024, 11 Uhr <\/strong><br \/>Auff\u00fchrung &#8222;In mir klingt ein Lied&#8220;<br \/>Shalom Europa, W\u00fcrzburg<\/li>\n\n\n\n<li><strong>Montag, 27.01.2025<\/strong>,<strong> 19:30 Uhr<\/strong><br \/>Wiederaufnahme &#8222;In mir klingt ein Lied&#8220;<br \/>Stadttheater Aschaffenburg, B\u00fchne 2<br \/>Auf der Seite des Stadttheaters finden Sie <a data-type=\"link\" data-id=\"https:\/\/www.stadttheater-aschaffenburg.de\/veranstaltung\/in-mir-klingt-ein-lied\/\" href=\"https:\/\/www.stadttheater-aschaffenburg.de\/veranstaltung\/in-mir-klingt-ein-lied\/\" target=\"_blank\" rel=\"noreferrer noopener\">weiterf\u00fchrende Informationen<\/a>.<\/li>\n\n\n\n<li><strong>Samstag, 12.04.2025, 19:30 Uhr<\/strong><br \/>Wiederaufnahme &#8222;In mir klingt ein Lied&#8220;<br \/>Mainfranken Theater W\u00fcrzburg, Probeb\u00fchne<br \/><a href=\"https:\/\/mainfrankentheater.eventim-inhouse.de\/webshop\/webticket\/seatmap?eventId=7171\" target=\"_blank\" rel=\"noreferrer noopener\">Karten<\/a> k\u00f6nnen Sie hier erwerben, <a href=\"https:\/\/www.mainfrankentheater.de\/programm\/a-z\/in-mir-klingt-ein-lied\/\" target=\"_blank\" rel=\"noreferrer noopener\">weitere Informationen<\/a> finden Sie hier.<\/li>\n<\/ul>\n","protected":false},"excerpt":{"rendered":"<p>Hier finden Sie eine \u00dcbersicht \u00fcber vergangene und bevorstehende Auff\u00fchrungstermine unseres St\u00fcckes. Bevorstehende Termine Wir freuen uns sehr \u00fcber die Wiederaufnahme von &#8222;In mir klingt ein Lied&#8220; im Jahr 2025: Vorstellungen f\u00fcr Schulen: Vergangene Termine:<\/p>\n","protected":false},"author":1,"featured_media":153,"parent":0,"menu_order":0,"comment_status":"closed","ping_status":"closed","template":"","meta":{"footnotes":""},"class_list":["post-138","page","type-page","status-publish","has-post-thumbnail","hentry"],"_links":{"self":[{"href":"https:\/\/www.lied-in-mir.de\/index.php?rest_route=\/wp\/v2\/pages\/138","targetHints":{"allow":["GET"]}}],"collection":[{"href":"https:\/\/www.lied-in-mir.de\/index.php?rest_route=\/wp\/v2\/pages"}],"about":[{"href":"https:\/\/www.lied-in-mir.de\/index.php?rest_route=\/wp\/v2\/types\/page"}],"author":[{"embeddable":true,"href":"https:\/\/www.lied-in-mir.de\/index.php?rest_route=\/wp\/v2\/users\/1"}],"replies":[{"embeddable":true,"href":"https:\/\/www.lied-in-mir.de\/index.php?rest_route=%2Fwp%2Fv2%2Fcomments&post=138"}],"version-history":[{"count":12,"href":"https:\/\/www.lied-in-mir.de\/index.php?rest_route=\/wp\/v2\/pages\/138\/revisions"}],"predecessor-version":[{"id":259,"href":"https:\/\/www.lied-in-mir.de\/index.php?rest_route=\/wp\/v2\/pages\/138\/revisions\/259"}],"wp:featuredmedia":[{"embeddable":true,"href":"https:\/\/www.lied-in-mir.de\/index.php?rest_route=\/wp\/v2\/media\/153"}],"wp:attachment":[{"href":"https:\/\/www.lied-in-mir.de\/index.php?rest_route=%2Fwp%2Fv2%2Fmedia&parent=138"}],"curies":[{"name":"wp","href":"https:\/\/api.w.org\/{rel}","templated":true}]}}